{"id":852,"date":"2024-12-02T11:29:50","date_gmt":"2024-12-02T11:29:50","guid":{"rendered":"https:\/\/plicker.de\/hallo\/?page_id=852"},"modified":"2024-12-02T11:43:55","modified_gmt":"2024-12-02T11:43:55","slug":"impressum","status":"publish","type":"page","link":"https:\/\/plicker.de\/hallo\/impressum\/","title":{"rendered":"Impressum"},"content":{"rendered":"\t\t<div data-elementor-type=\"wp-page\" data-elementor-id=\"852\" class=\"elementor elementor-852\" data-elementor-post-type=\"page\">\n\t\t\t\t<div class=\"elementor-element elementor-element-c34f1d1 e-flex e-con-boxed e-con e-parent\" data-id=\"c34f1d1\" data-element_type=\"container\">\n\t\t\t\t\t<div class=\"e-con-inner\">\n\t\t<div class=\"elementor-element elementor-element-620fd4a e-con-full e-flex e-con e-child\" data-id=\"620fd4a\" data-element_type=\"container\" data-settings=\"{&quot;background_background&quot;:&quot;classic&quot;}\">\n\t\t\t\t<div class=\"elementor-element elementor-element-6073ced elementor-widget elementor-widget-heading\" data-id=\"6073ced\" data-element_type=\"widget\" data-widget_type=\"heading.default\">\n\t\t\t\t<div class=\"elementor-widget-container\">\n\t\t\t<h1 class=\"elementor-heading-title elementor-size-default\">Impressum<\/h1>\t\t<\/div>\n\t\t\t\t<\/div>\n\t\t\t\t<div class=\"elementor-element elementor-element-39b084d elementor-widget elementor-widget-text-editor\" data-id=\"39b084d\" data-element_type=\"widget\" data-widget_type=\"text-editor.default\">\n\t\t\t\t<div class=\"elementor-widget-container\">\n\t\t\t\t\t\t\t<p><strong>Angaben gem\u00e4\u00df \u00a7 5 TMG:\u2028<\/strong><br \/>konversion.digital GmbH<br \/>St\u00fcrzenberger Weg 30\u2028<br \/>51766 Engelskirchen<br \/><br \/><strong>\u2028Vertreten durch:\u2028<\/strong><br \/>konversion.digital GmbH<br \/>vertreten durch die Gesch\u00e4ftsf\u00fchrer:\u2028<br \/>David Odenthal\u2028<br \/>Telefon: +49 (0) 2263 9654169\u2028<br \/>E-Mail: m@konversion.digital<br \/><br \/><strong>Registereintrag<\/strong>:\u2028 Eintragung im Handelsregister.<br \/><strong>\u2028Registergericht<\/strong>: Amtsgericht K\u00f6ln<br \/><strong>\u2028Registernummer<\/strong>: HRB 96092\u2028\u2028<br \/>Umsatzsteuer-ID:\u2028\u2028Umsatzsteuer-Identifikationsnummer gem\u00e4\u00df \u00a727 a Umsatzsteuergesetz:\u2028folgt<br \/><br \/><strong>Redaktion:<\/strong><br \/>\u2028David Odenthal<br \/><br \/><strong>Online-Streitbeilegung:<\/strong><br \/>Die Europ\u00e4ische Kommission stellt unter\u00a0<a href=\"http:\/\/ec.europa.eu\/consumers\/odr\/\" target=\"_blank\" rel=\"noopener\">http:\/\/ec.europa.eu\/consumers\/odr\/<\/a>\u00a0eine Plattform zur au\u00dfergerichtlichen Online-Streitbeilegung bereit.<br \/><br \/><strong>Verbraucherstreitbeilegungsgesetz:<\/strong><br \/>An Streitbeilegungsverfahren vor einer Verbraucherschlichtungsstelle m\u00fcssen und wollen wir nicht teilnehmen. Grunds\u00e4tzlich weisen wir daraufhin, dass konversion.digital online nichts an Streitigkeiten mit Lesern und Privatkunden liegt.<br \/>\u00a0<br \/><strong>\u2028Urheberrechtliche Hinweise<\/strong><br \/>\u2028Fotos Portrait von David Odenthal: Netti Hacet<br \/><br \/>Das Impressum wurde mit dem Impressums-Generator der activeMind AG erstellt.<br \/><br \/>Hinweis gem\u00e4\u00df \u00a7 36 Verbraucherstreitbeilegungsgesetz:<br \/>Die Websites nehmen an dem Schlichtungsstellenverfahren gem\u00e4\u00df dem Gesetz \u00fcber die alternative Streitbeilegung nicht teil.<br \/><br \/>Allgemeine Adresse zur Verbraucherschlichtung:\u2028Allgemeine Verbraucherschlichtungsstelle am Zentrum f\u00fcr Schlichtung e.V.\u202877694 Kehl am Rhein\u2028mail@verbraucher-schlichter.de<br \/><br \/>Rechtlicher Hinweis<br \/>Im Hinblick auf die technischen Eigenschaften des Internet kann keine Gew\u00e4hr f\u00fcr die Authentizit\u00e4t, Richtigkeit und Vollst\u00e4ndigkeit der im Internet zur Verf\u00fcgung gestellten Informationen \u00fcbernommen werden. Es wird auch keine Gew\u00e4hr f\u00fcr die Verf\u00fcgbarkeit oder den Betrieb der gegenst\u00e4ndlichen Webseite und ihrer Inhalte \u00fcbernommen.<br \/><br \/>Jede Haftung f\u00fcr unmittelbare, mittelbare oder sonstige Sch\u00e4den, unabh\u00e4ngig von deren Ursachen, die aus der Benutzung oder Nichtverf\u00fcgbarkeit der Daten und Informationen dieser Homepage erwachsen, wird, soweit rechtlich zul\u00e4ssig, ausgeschlossen.<br \/><br \/>Unser Angebot enth\u00e4lt Links zu externen Webseiten Dritter, auf deren Inhalte wir keinen Einfluss haben. Deshalb k\u00f6nnen wir f\u00fcr diese fremden Inhalte auch keine Gew\u00e4hr \u00fcbernehmen. F\u00fcr die Inhalte der verlinkten Seiten ist stets der jeweilige Anbieter oder Betreiber der Seiten verantwortlich. Die verlinkten Seiten wurden zum Zeitpunkt der Verlinkung auf m\u00f6gliche Rechtsverst\u00f6\u00dfe \u00fcberpr\u00fcft. Rechtswidrige Inhalte waren zum Zeitpunkt der Verlinkung nicht erkennbar.<br \/><br \/>Der Inhalt dieser Webseite ist urheberrechtlich gesch\u00fctzt. Verlinkungen auf unsere Webseite sind herzlich willkommen!<\/p>\t\t\t\t\t\t<\/div>\n\t\t\t\t<\/div>\n\t\t\t\t<\/div>\n\t\t\t\t\t<\/div>\n\t\t\t\t<\/div>\n\t\t\t\t<\/div>\n\t\t","protected":false},"excerpt":{"rendered":"<p>Impressum Angaben gem\u00e4\u00df \u00a7 5 TMG:\u2028konversion.digital GmbHSt\u00fcrzenberger Weg 30\u202851766 Engelskirchen \u2028Vertreten durch:\u2028konversion.digital GmbHvertreten durch die Gesch\u00e4ftsf\u00fchrer:\u2028David Odenthal\u2028Telefon: +49 (0) 2263 9654169\u2028E-Mail: m@konversion.digital Registereintrag:\u2028 Eintragung im Handelsregister.\u2028Registergericht: Amtsgericht K\u00f6ln\u2028Registernummer: HRB 96092\u2028\u2028Umsatzsteuer-ID:\u2028\u2028Umsatzsteuer-Identifikationsnummer gem\u00e4\u00df \u00a727 a Umsatzsteuergesetz:\u2028folgt Redaktion:\u2028David Odenthal Online-Streitbeilegung:Die Europ\u00e4ische Kommission stellt unter\u00a0http:\/\/ec.europa.eu\/consumers\/odr\/\u00a0eine Plattform zur au\u00dfergerichtlichen Online-Streitbeilegung bereit. Verbraucherstreitbeilegungsgesetz:An Streitbeilegungsverfahren vor einer Verbraucherschlichtungsstelle m\u00fcssen und wollen wir [&hellip;]<\/p>\n","protected":false},"author":2,"featured_media":0,"parent":0,"menu_order":0,"comment_status":"closed","ping_status":"closed","template":"","meta":{"footnotes":""},"class_list":["post-852","page","type-page","status-publish","hentry"],"yoast_head":"<!-- This site is optimized with the Yoast SEO plugin v23.9 - https:\/\/yoast.com\/wordpress\/plugins\/seo\/ -->\n<title>Impressum - plicker.de<\/title>\n<meta name=\"robots\" content=\"index, follow, max-snippet:-1, max-image-preview:large, max-video-preview:-1\" \/>\n<link rel=\"canonical\" href=\"https:\/\/plicker.de\/hallo\/impressum\/\" \/>\n<meta property=\"og:locale\" content=\"de_DE\" \/>\n<meta property=\"og:type\" content=\"article\" \/>\n<meta property=\"og:title\" content=\"Impressum - plicker.de\" \/>\n<meta property=\"og:description\" content=\"Impressum Angaben gem\u00e4\u00df \u00a7 5 TMG:\u2028konversion.digital GmbHSt\u00fcrzenberger Weg 30\u202851766 Engelskirchen \u2028Vertreten durch:\u2028konversion.digital GmbHvertreten durch die Gesch\u00e4ftsf\u00fchrer:\u2028David Odenthal\u2028Telefon: +49 (0) 2263 9654169\u2028E-Mail: m@konversion.digital Registereintrag:\u2028 Eintragung im Handelsregister.\u2028Registergericht: Amtsgericht K\u00f6ln\u2028Registernummer: HRB 96092\u2028\u2028Umsatzsteuer-ID:\u2028\u2028Umsatzsteuer-Identifikationsnummer gem\u00e4\u00df \u00a727 a Umsatzsteuergesetz:\u2028folgt Redaktion:\u2028David Odenthal Online-Streitbeilegung:Die Europ\u00e4ische Kommission stellt unter\u00a0http:\/\/ec.europa.eu\/consumers\/odr\/\u00a0eine Plattform zur au\u00dfergerichtlichen Online-Streitbeilegung bereit. Verbraucherstreitbeilegungsgesetz:An Streitbeilegungsverfahren vor einer Verbraucherschlichtungsstelle m\u00fcssen und wollen wir [&hellip;]\" \/>\n<meta property=\"og:url\" content=\"https:\/\/plicker.de\/hallo\/impressum\/\" \/>\n<meta property=\"og:site_name\" content=\"plicker.de\" \/>\n<meta property=\"article:modified_time\" content=\"2024-12-02T11:43:55+00:00\" \/>\n<meta name=\"twitter:card\" content=\"summary_large_image\" \/>\n<meta name=\"twitter:label1\" content=\"Gesch\u00e4tzte Lesezeit\" \/>\n\t<meta name=\"twitter:data1\" content=\"2\u00a0Minuten\" \/>\n<script type=\"application\/ld+json\" class=\"yoast-schema-graph\">{\"@context\":\"https:\/\/schema.org\",\"@graph\":[{\"@type\":\"WebPage\",\"@id\":\"https:\/\/plicker.de\/hallo\/impressum\/\",\"url\":\"https:\/\/plicker.de\/hallo\/impressum\/\",\"name\":\"Impressum - plicker.de\",\"isPartOf\":{\"@id\":\"https:\/\/plicker.de\/hallo\/#website\"},\"datePublished\":\"2024-12-02T11:29:50+00:00\",\"dateModified\":\"2024-12-02T11:43:55+00:00\",\"breadcrumb\":{\"@id\":\"https:\/\/plicker.de\/hallo\/impressum\/#breadcrumb\"},\"inLanguage\":\"de\",\"potentialAction\":[{\"@type\":\"ReadAction\",\"target\":[\"https:\/\/plicker.de\/hallo\/impressum\/\"]}]},{\"@type\":\"BreadcrumbList\",\"@id\":\"https:\/\/plicker.de\/hallo\/impressum\/#breadcrumb\",\"itemListElement\":[{\"@type\":\"ListItem\",\"position\":1,\"name\":\"Startseite\",\"item\":\"https:\/\/plicker.de\/hallo\/\"},{\"@type\":\"ListItem\",\"position\":2,\"name\":\"Impressum\"}]},{\"@type\":\"WebSite\",\"@id\":\"https:\/\/plicker.de\/hallo\/#website\",\"url\":\"https:\/\/plicker.de\/hallo\/\",\"name\":\"Plicker\",\"description\":\"\",\"publisher\":{\"@id\":\"https:\/\/plicker.de\/hallo\/#organization\"},\"potentialAction\":[{\"@type\":\"SearchAction\",\"target\":{\"@type\":\"EntryPoint\",\"urlTemplate\":\"https:\/\/plicker.de\/hallo\/?s={search_term_string}\"},\"query-input\":{\"@type\":\"PropertyValueSpecification\",\"valueRequired\":true,\"valueName\":\"search_term_string\"}}],\"inLanguage\":\"de\"},{\"@type\":\"Organization\",\"@id\":\"https:\/\/plicker.de\/hallo\/#organization\",\"name\":\"Plicker\",\"url\":\"https:\/\/plicker.de\/hallo\/\",\"logo\":{\"@type\":\"ImageObject\",\"inLanguage\":\"de\",\"@id\":\"https:\/\/plicker.de\/hallo\/#\/schema\/logo\/image\/\",\"url\":\"https:\/\/plicker.de\/hallo\/wp-content\/uploads\/plicker.png\",\"contentUrl\":\"https:\/\/plicker.de\/hallo\/wp-content\/uploads\/plicker.png\",\"width\":836,\"height\":288,\"caption\":\"Plicker\"},\"image\":{\"@id\":\"https:\/\/plicker.de\/hallo\/#\/schema\/logo\/image\/\"}}]}<\/script>\n<!-- \/ Yoast SEO plugin. -->","yoast_head_json":{"title":"Impressum - plicker.de","robots":{"index":"index","follow":"follow","max-snippet":"max-snippet:-1","max-image-preview":"max-image-preview:large","max-video-preview":"max-video-preview:-1"},"canonical":"https:\/\/plicker.de\/hallo\/impressum\/","og_locale":"de_DE","og_type":"article","og_title":"Impressum - plicker.de","og_description":"Impressum Angaben gem\u00e4\u00df \u00a7 5 TMG:\u2028konversion.digital GmbHSt\u00fcrzenberger Weg 30\u202851766 Engelskirchen \u2028Vertreten durch:\u2028konversion.digital GmbHvertreten durch die Gesch\u00e4ftsf\u00fchrer:\u2028David Odenthal\u2028Telefon: +49 (0) 2263 9654169\u2028E-Mail: m@konversion.digital Registereintrag:\u2028 Eintragung im Handelsregister.\u2028Registergericht: Amtsgericht K\u00f6ln\u2028Registernummer: HRB 96092\u2028\u2028Umsatzsteuer-ID:\u2028\u2028Umsatzsteuer-Identifikationsnummer gem\u00e4\u00df \u00a727 a Umsatzsteuergesetz:\u2028folgt Redaktion:\u2028David Odenthal Online-Streitbeilegung:Die Europ\u00e4ische Kommission stellt unter\u00a0http:\/\/ec.europa.eu\/consumers\/odr\/\u00a0eine Plattform zur au\u00dfergerichtlichen Online-Streitbeilegung bereit. Verbraucherstreitbeilegungsgesetz:An Streitbeilegungsverfahren vor einer Verbraucherschlichtungsstelle m\u00fcssen und wollen wir [&hellip;]","og_url":"https:\/\/plicker.de\/hallo\/impressum\/","og_site_name":"plicker.de","article_modified_time":"2024-12-02T11:43:55+00:00","twitter_card":"summary_large_image","twitter_misc":{"Gesch\u00e4tzte Lesezeit":"2\u00a0Minuten"},"schema":{"@context":"https:\/\/schema.org","@graph":[{"@type":"WebPage","@id":"https:\/\/plicker.de\/hallo\/impressum\/","url":"https:\/\/plicker.de\/hallo\/impressum\/","name":"Impressum - plicker.de","isPartOf":{"@id":"https:\/\/plicker.de\/hallo\/#website"},"datePublished":"2024-12-02T11:29:50+00:00","dateModified":"2024-12-02T11:43:55+00:00","breadcrumb":{"@id":"https:\/\/plicker.de\/hallo\/impressum\/#breadcrumb"},"inLanguage":"de","potentialAction":[{"@type":"ReadAction","target":["https:\/\/plicker.de\/hallo\/impressum\/"]}]},{"@type":"BreadcrumbList","@id":"https:\/\/plicker.de\/hallo\/impressum\/#breadcrumb","itemListElement":[{"@type":"ListItem","position":1,"name":"Startseite","item":"https:\/\/plicker.de\/hallo\/"},{"@type":"ListItem","position":2,"name":"Impressum"}]},{"@type":"WebSite","@id":"https:\/\/plicker.de\/hallo\/#website","url":"https:\/\/plicker.de\/hallo\/","name":"Plicker","description":"","publisher":{"@id":"https:\/\/plicker.de\/hallo\/#organization"},"potentialAction":[{"@type":"SearchAction","target":{"@type":"EntryPoint","urlTemplate":"https:\/\/plicker.de\/hallo\/?s={search_term_string}"},"query-input":{"@type":"PropertyValueSpecification","valueRequired":true,"valueName":"search_term_string"}}],"inLanguage":"de"},{"@type":"Organization","@id":"https:\/\/plicker.de\/hallo\/#organization","name":"Plicker","url":"https:\/\/plicker.de\/hallo\/","logo":{"@type":"ImageObject","inLanguage":"de","@id":"https:\/\/plicker.de\/hallo\/#\/schema\/logo\/image\/","url":"https:\/\/plicker.de\/hallo\/wp-content\/uploads\/plicker.png","contentUrl":"https:\/\/plicker.de\/hallo\/wp-content\/uploads\/plicker.png","width":836,"height":288,"caption":"Plicker"},"image":{"@id":"https:\/\/plicker.de\/hallo\/#\/schema\/logo\/image\/"}}]}},"_links":{"self":[{"href":"https:\/\/plicker.de\/hallo\/wp-json\/wp\/v2\/pages\/852","targetHints":{"allow":["GET"]}}],"collection":[{"href":"https:\/\/plicker.de\/hallo\/wp-json\/wp\/v2\/pages"}],"about":[{"href":"https:\/\/plicker.de\/hallo\/wp-json\/wp\/v2\/types\/page"}],"author":[{"embeddable":true,"href":"https:\/\/plicker.de\/hallo\/wp-json\/wp\/v2\/users\/2"}],"replies":[{"embeddable":true,"href":"https:\/\/plicker.de\/hallo\/wp-json\/wp\/v2\/comments?post=852"}],"version-history":[{"count":10,"href":"https:\/\/plicker.de\/hallo\/wp-json\/wp\/v2\/pages\/852\/revisions"}],"predecessor-version":[{"id":889,"href":"https:\/\/plicker.de\/hallo\/wp-json\/wp\/v2\/pages\/852\/revisions\/889"}],"wp:attachment":[{"href":"https:\/\/plicker.de\/hallo\/wp-json\/wp\/v2\/media?parent=852"}],"curies":[{"name":"wp","href":"https:\/\/api.w.org\/{rel}","templated":true}]}}